{"id":10478,"date":"2024-12-05T16:10:09","date_gmt":"2024-12-05T07:10:09","guid":{"rendered":"https:\/\/asprova.net\/?page_id=10478"},"modified":"2025-08-07T10:49:41","modified_gmt":"2025-08-07T01:49:41","slug":"worldbest-scheduler","status":"publish","type":"page","link":"https:\/\/asprova.net\/vi\/worldbest-scheduler\/","title":{"rendered":"Nh\u00e0 l\u1eadp l\u1ecbch s\u1ea3n xu\u1ea5t s\u1ed1 1 th\u1ebf gi\u1edbi Asprova"},"content":{"rendered":"<p><img data-recalc-dims=\"1\" decoding=\"async\" data-attachment-id=\"10484\" data-permalink=\"https:\/\/asprova.net\/vi\/worldbest-scheduler\/%e3%82%b9%e3%82%af%e3%83%aa%e3%83%bc%e3%83%b3%e3%82%b7%e3%83%a7%e3%83%83%e3%83%88-2024-12-05-154715\/\" data-orig-file=\"https:\/\/i0.wp.com\/asprova.net\/wp-content\/uploads\/2024\/12\/%E3%82%B9%E3%82%AF%E3%83%AA%E3%83%BC%E3%83%B3%E3%82%B7%E3%83%A7%E3%83%83%E3%83%88-2024-12-05-154715.png?fit=1288%2C440&amp;ssl=1\" data-orig-size=\"1288,440\" data-comments-opened=\"1\" data-image-meta=\"{&quot;aperture&quot;:&quot;0&quot;,&quot;credit&quot;:&quot;&quot;,&quot;camera&quot;:&quot;&quot;,&quot;caption&quot;:&quot;&quot;,&quot;created_timestamp&quot;:&quot;0&quot;,&quot;copyright&quot;:&quot;&quot;,&quot;focal_length&quot;:&quot;0&quot;,&quot;iso&quot;:&quot;0&quot;,&quot;shutter_speed&quot;:&quot;0&quot;,&quot;title&quot;:&quot;&quot;,&quot;orientation&quot;:&quot;0&quot;}\" data-image-title=\"\u30b9\u30af\u30ea\u30fc\u30f3\u30b7\u30e7\u30c3\u30c8 2024-12-05 154715\" data-image-description=\"\" data-image-caption=\"\" data-large-file=\"https:\/\/i0.wp.com\/asprova.net\/wp-content\/uploads\/2024\/12\/%E3%82%B9%E3%82%AF%E3%83%AA%E3%83%BC%E3%83%B3%E3%82%B7%E3%83%A7%E3%83%83%E3%83%88-2024-12-05-154715.png?fit=1024%2C350&amp;ssl=1\" class=\"aligncenter size-full wp-image-10484\" src=\"https:\/\/i0.wp.com\/asprova.net\/wp-content\/uploads\/2024\/12\/%E3%82%B9%E3%82%AF%E3%83%AA%E3%83%BC%E3%83%B3%E3%82%B7%E3%83%A7%E3%83%83%E3%83%88-2024-12-05-154715.png?resize=1170%2C400&#038;ssl=1\" alt=\"\" width=\"1170\" height=\"400\" srcset=\"https:\/\/i0.wp.com\/asprova.net\/wp-content\/uploads\/2024\/12\/%E3%82%B9%E3%82%AF%E3%83%AA%E3%83%BC%E3%83%B3%E3%82%B7%E3%83%A7%E3%83%83%E3%83%88-2024-12-05-154715.png?w=1288&amp;ssl=1 1288w, https:\/\/i0.wp.com\/asprova.net\/wp-content\/uploads\/2024\/12\/%E3%82%B9%E3%82%AF%E3%83%AA%E3%83%BC%E3%83%B3%E3%82%B7%E3%83%A7%E3%83%83%E3%83%88-2024-12-05-154715.png?resize=300%2C102&amp;ssl=1 300w, https:\/\/i0.wp.com\/asprova.net\/wp-content\/uploads\/2024\/12\/%E3%82%B9%E3%82%AF%E3%83%AA%E3%83%BC%E3%83%B3%E3%82%B7%E3%83%A7%E3%83%83%E3%83%88-2024-12-05-154715.png?resize=1024%2C350&amp;ssl=1 1024w, https:\/\/i0.wp.com\/asprova.net\/wp-content\/uploads\/2024\/12\/%E3%82%B9%E3%82%AF%E3%83%AA%E3%83%BC%E3%83%B3%E3%82%B7%E3%83%A7%E3%83%83%E3%83%88-2024-12-05-154715.png?resize=150%2C51&amp;ssl=1 150w, https:\/\/i0.wp.com\/asprova.net\/wp-content\/uploads\/2024\/12\/%E3%82%B9%E3%82%AF%E3%83%AA%E3%83%BC%E3%83%B3%E3%82%B7%E3%83%A7%E3%83%83%E3%83%88-2024-12-05-154715.png?resize=768%2C262&amp;ssl=1 768w, https:\/\/i0.wp.com\/asprova.net\/wp-content\/uploads\/2024\/12\/%E3%82%B9%E3%82%AF%E3%83%AA%E3%83%BC%E3%83%B3%E3%82%B7%E3%83%A7%E3%83%83%E3%83%88-2024-12-05-154715.png?resize=770%2C263&amp;ssl=1 770w\" sizes=\"(max-width: 1170px) 100vw, 1170px\" \/><\/p>\n<p>&nbsp;<\/p>\n<p><span style=\"font-family: arial, helvetica, sans-serif;\"><span style=\"font-size: 18pt;\">Asprova \u2013 Ph\u1ea7n m\u1ec1m l\u1eadp k\u1ebf ho\u1ea1ch s\u1ea3n xu\u1ea5t s\u1ed1 1 th\u1ebf gi\u1edbi<br \/>\n<\/span><span style=\"font-size: 18pt;\">\u0110\u00e3 \u0111\u01b0\u1ee3c tri\u1ec3n khai t\u1ea1i 51 qu\u1ed1c gia tr\u00ean to\u00e0n c\u1ea7u.<\/span><\/span><\/p>\n<p><span style=\"color: #ff00ff; font-family: arial, helvetica, sans-serif;\"><strong><span style=\"font-size: 14pt;\">Ch\u1ee9c n\u0103ng v\u01b0\u1ee3t tr\u1ed9i<\/span><\/strong><\/span><\/p>\n<p><span style=\"font-size: 14pt; font-family: arial, helvetica, sans-serif;\">M\u00f4 h\u00ecnh h\u00f3a m\u1ecdi quy tr\u00ecnh s\u1ea3n xu\u1ea5t m\u00e0 kh\u00f4ng c\u1ea7n l\u1eadp tr\u00ecnh<br \/>\nH\u1ed7 tr\u1ee3 tri\u1ec3n khai c\u00e1c chi\u1ebfn l\u01b0\u1ee3c nh\u01b0 APS, JIT, TOC<br \/>\nKi\u1ec3m so\u00e1t to\u00e0n b\u1ed9 chu\u1ed7i cung \u1ee9ng: mua h\u00e0ng, nguy\u00ean v\u1eadt li\u1ec7u, b\u00e1n th\u00e0nh ph\u1ea9m, th\u00e0nh ph\u1ea9m<br \/>\nT\u00edch h\u1ee3p ch\u1ee9c n\u0103ng t\u1ed1i \u01b0u h\u00f3a b\u1eb1ng AI<\/span><\/p>\n<p>&nbsp;<\/p>\n<p><span style=\"font-family: arial, helvetica, sans-serif;\"><strong><span style=\"font-size: 14pt; color: #ff00ff;\">T\u1ef1 \u0111\u1ed9ng h\u00f3a l\u1eadp k\u1ebf ho\u1ea1ch<\/span><\/strong><\/span><\/p>\n<p><span style=\"font-size: 14pt; font-family: arial, helvetica, sans-serif;\">Vi\u1ec7c t\u1ea1o k\u1ebf ho\u1ea1ch s\u1ea3n xu\u1ea5t v\u00e0 l\u1ec7nh c\u00f4ng vi\u1ec7c \u0111ang ti\u00eau t\u1ed1n nhi\u1ec1u nh\u00e2n l\u1ef1c v\u00e0 th\u1eddi gian?<br \/>\nH\u00e3y \u0111\u1ec3 Asprova t\u1ef1 \u0111\u1ed9ng h\u00f3a quy tr\u00ecnh n\u00e0y!<\/span><\/p>\n<p>&nbsp;<\/p>\n<p><span style=\"color: #ff00ff; font-family: arial, helvetica, sans-serif;\"><strong><span style=\"font-size: 14pt;\">K\u1ebf ho\u1ea1ch ch\u00ednh x\u00e1c \u2013 Duy tr\u00ec s\u1ea3n xu\u1ea5t li\u00ean t\u1ee5c<\/span><\/strong><\/span><\/p>\n<p><span style=\"font-family: arial, helvetica, sans-serif;\"><span style=\"font-size: 14pt;\">Asprova cho ph\u00e9p x\u00e9t \u0111\u1ebfn \u0111\u1ea7y \u0111\u1ee7 c\u00e1c y\u1ebfu t\u1ed1 nh\u01b0:<br \/>\nT\u00ednh ph\u00f9 h\u1ee3p v\u00e0 c\u00f4ng su\u1ea5t c\u1ee7a thi\u1ebft b\u1ecb<br \/>\nK\u1ef9 n\u0103ng c\u1ee7a c\u00f4ng nh\u00e2n<\/span><span style=\"font-size: 14pt;\"><br \/>\n\u0110\u1ed3 g\u00e1, khu\u00f4n, th\u1eddi gian thi\u1ebft l\u1eadp, th\u1eddi gian ngh\u1ec9<br \/>\n<\/span><span style=\"font-size: 14pt;\">\u00a0\u3000T\u1ed3n kho th\u1ef1c t\u1ebf v\u00e0 nhi\u1ec1u y\u1ebfu t\u1ed1 kh\u00e1c \u0111\u1ec1u c\u00f3 th\u1ec3 \u0111\u01b0\u1ee3c xem x\u00e9t<br \/>\nTr\u00e1nh t\u00ecnh tr\u1ea1ng tr\u00f9ng l\u1eb7p s\u1eed d\u1ee5ng thi\u1ebft b\u1ecb\/khu\u00f4n, thi\u1ebfu linh ki\u1ec7n, gi\u00fap duy tr\u00ec d\u00e2y chuy\u1ec1n ho\u1ea1t \u0111\u1ed9ng li\u00ean t\u1ee5c v\u00e0 \u1ed5n \u0111\u1ecbnh.<br \/>\n<\/span><\/span><\/p>\n<p>&nbsp;<\/p>\n<p><span style=\"color: #ff00ff; font-family: arial, helvetica, sans-serif;\"><strong><span style=\"font-size: 14pt;\">R\u00fat ng\u1eafn th\u1eddi gian s\u1ea3n xu\u1ea5t<\/span><\/strong><\/span><\/p>\n<p><span style=\"font-size: 14pt; font-family: arial, helvetica, sans-serif;\">Hi\u1ec3n th\u1ecb tr\u1ef1c quan m\u1ee9c \u0111\u1ed9 t\u1ea3i v\u00e0 th\u1eddi gian tr\u1ed1ng c\u1ee7a thi\u1ebft b\u1ecb, nh\u00e2n c\u00f4ng.<br \/>\nKi\u1ec3m so\u00e1t ch\u00ednh x\u00e1c th\u1eddi gian gi\u1eefa c\u00e1c c\u00f4ng \u0111o\u1ea1n v\u00e0 c\u00f4ng vi\u1ec7c.<br \/>\nGi\u1ea3m thi\u1ec3u th\u1eddi gian ch\u1edd \u0111\u1ee3i kh\u00f4ng c\u1ea7n thi\u1ebft.<\/span><\/p>\n<p>&nbsp;<\/p>\n<p><span style=\"color: #ff00ff; font-family: arial, helvetica, sans-serif;\"><strong><span style=\"font-size: 14pt;\">Ch\u1ee7 \u0111\u1ed9ng l\u1eadp k\u1ebf ho\u1ea1ch thay th\u1ebf<img data-recalc-dims=\"1\" decoding=\"async\" class=\" wp-image-10250 alignright\" src=\"https:\/\/i0.wp.com\/asprova.net\/wp-content\/uploads\/2024\/11\/Asprova%E3%82%B9%E3%82%AF%E3%82%B7%E3%83%A7%EF%BC%97.png?resize=468%2C204&#038;ssl=1\" alt=\"\" width=\"468\" height=\"204\" srcset=\"https:\/\/i0.wp.com\/asprova.net\/wp-content\/uploads\/2024\/11\/Asprova%E3%82%B9%E3%82%AF%E3%82%B7%E3%83%A7%EF%BC%97.png?w=1427&amp;ssl=1 1427w, https:\/\/i0.wp.com\/asprova.net\/wp-content\/uploads\/2024\/11\/Asprova%E3%82%B9%E3%82%AF%E3%82%B7%E3%83%A7%EF%BC%97.png?resize=300%2C131&amp;ssl=1 300w, https:\/\/i0.wp.com\/asprova.net\/wp-content\/uploads\/2024\/11\/Asprova%E3%82%B9%E3%82%AF%E3%82%B7%E3%83%A7%EF%BC%97.png?resize=1024%2C446&amp;ssl=1 1024w, https:\/\/i0.wp.com\/asprova.net\/wp-content\/uploads\/2024\/11\/Asprova%E3%82%B9%E3%82%AF%E3%82%B7%E3%83%A7%EF%BC%97.png?resize=150%2C65&amp;ssl=1 150w, https:\/\/i0.wp.com\/asprova.net\/wp-content\/uploads\/2024\/11\/Asprova%E3%82%B9%E3%82%AF%E3%82%B7%E3%83%A7%EF%BC%97.png?resize=768%2C335&amp;ssl=1 768w, https:\/\/i0.wp.com\/asprova.net\/wp-content\/uploads\/2024\/11\/Asprova%E3%82%B9%E3%82%AF%E3%82%B7%E3%83%A7%EF%BC%97.png?resize=770%2C336&amp;ssl=1 770w, https:\/\/i0.wp.com\/asprova.net\/wp-content\/uploads\/2024\/11\/Asprova%E3%82%B9%E3%82%AF%E3%82%B7%E3%83%A7%EF%BC%97.png?resize=1400%2C610&amp;ssl=1 1400w\" sizes=\"(max-width: 468px) 100vw, 468px\" \/><\/span><\/strong><\/span><\/p>\n<p><span style=\"font-size: 14pt; font-family: arial, helvetica, sans-serif;\">V\u1edbi kh\u1ea3 n\u0103ng l\u1eadp k\u1ebf ho\u1ea1ch cho 10.000 t\u00e1c v\u1ee5 ch\u1ec9 trong v\u00e0i gi\u00e2y, Asprova gi\u00fap doanh nghi\u1ec7p:<br \/>\nL\u1eadp s\u1eb5n k\u1ecbch b\u1ea3n s\u1ea3n xu\u1ea5t thay th\u1ebf<br \/>\nCh\u1ee7 \u0111\u1ed9ng \u1ee9ng ph\u00f3 v\u1edbi c\u00e1c bi\u1ebfn \u0111\u1ed9ng trong t\u01b0\u01a1ng lai<\/span><\/p>\n<p>&nbsp;<\/p>\n<p><span style=\"font-family: arial, helvetica, sans-serif;\"><strong><span style=\"font-size: 14pt; color: #ff00ff;\">Tri\u1ec3n khai nhanh ch\u00f3ng<\/span><\/strong><\/span><\/p>\n<p><span style=\"font-size: 14pt; font-family: arial, helvetica, sans-serif;\">Kh\u00f4ng c\u1ea7n \u0111\u1ed9i ng\u0169 l\u1eadp tr\u00ecnh ri\u00eang.<br \/>\nTri\u1ec3n khai nhanh g\u1ecdn v\u1edbi \u0111\u1ed9i nh\u00f3m nh\u1ecf.<br \/>\nLinh ho\u1ea1t th\u00edch \u1ee9ng v\u1edbi s\u1ef1 m\u1edf r\u1ed9ng nh\u00e0 m\u00e1y ho\u1eb7c thay \u0111\u1ed5i quy tr\u00ecnh.<br \/>\n<\/span><\/p>\n<p>&nbsp;<\/p>\n<p><span style=\"color: #ff00ff; font-family: arial, helvetica, sans-serif;\"><strong><span style=\"font-size: 14pt;\">S\u1ea3n ph\u1ea9m \u201cMade in Japan\u201d \u2013 t\u1eeb n\u0103m 1994<\/span><\/strong><\/span><\/p>\n<p><span style=\"font-family: arial, helvetica, sans-serif;\">Asprova Corporation ch\u1ec9 t\u1eadp trung ph\u00e1t tri\u1ec3n ph\u1ea7n m\u1ec1m l\u1eadp k\u1ebf ho\u1ea1ch s\u1ea3n xu\u1ea5t t\u1eeb n\u0103m 1994.<\/span><\/p>\n<p><span style=\"font-family: arial, helvetica, sans-serif;\">M\u1ea1ng l\u01b0\u1edbi to\u00e0n c\u1ea7u:<\/span><br \/>\n<span style=\"font-family: arial, helvetica, sans-serif;\">\u0110\u1ea1i l\u00fd t\u1ea1i 47 qu\u1ed1c gia<\/span><br \/>\n<span style=\"font-family: arial, helvetica, sans-serif;\">Chi nh\u00e1nh t\u1ea1i EU, M\u1ef9, H\u00e0n Qu\u1ed1c v\u00e0 Trung Qu\u1ed1c<\/span><\/p>\n<p>&nbsp;<\/p>\n<p><span style=\"font-family: arial, helvetica, sans-serif;\"><strong><span style=\"font-size: 14pt; color: #ff00ff;\">Ph\u1ea3n h\u1ed3i c\u1ee7a ng\u01b0\u1eddi d\u00f9ng: Nidec gi\u1edbi thi\u1ec7u t\u1ea1i Nh\u1eadt B\u1ea3n v\u00e0 Vi\u1ec7t Nam<\/span><\/strong><\/span><\/p>\n<figure id=\"attachment_10579\" aria-describedby=\"caption-attachment-10579\" style=\"width: 270px\" class=\"wp-caption alignnone\"><a href=\"https:\/\/asprova.net\/vi\/user-voice-nidec\/\"><img data-recalc-dims=\"1\" decoding=\"async\" data-attachment-id=\"10579\" data-permalink=\"https:\/\/asprova.net\/vi\/worldbest-scheduler\/%e3%82%b9%e3%82%af%e3%83%aa%e3%83%bc%e3%83%b3%e3%82%b7%e3%83%a7%e3%83%83%e3%83%88-2024-12-11-111932-2\/\" data-orig-file=\"https:\/\/i0.wp.com\/asprova.net\/wp-content\/uploads\/2024\/12\/%E3%82%B9%E3%82%AF%E3%83%AA%E3%83%BC%E3%83%B3%E3%82%B7%E3%83%A7%E3%83%83%E3%83%88-2024-12-11-111932.png?fit=693%2C351&amp;ssl=1\" data-orig-size=\"693,351\" data-comments-opened=\"1\" data-image-meta=\"{&quot;aperture&quot;:&quot;0&quot;,&quot;credit&quot;:&quot;&quot;,&quot;camera&quot;:&quot;&quot;,&quot;caption&quot;:&quot;&quot;,&quot;created_timestamp&quot;:&quot;0&quot;,&quot;copyright&quot;:&quot;&quot;,&quot;focal_length&quot;:&quot;0&quot;,&quot;iso&quot;:&quot;0&quot;,&quot;shutter_speed&quot;:&quot;0&quot;,&quot;title&quot;:&quot;&quot;,&quot;orientation&quot;:&quot;0&quot;}\" data-image-title=\"\u30b9\u30af\u30ea\u30fc\u30f3\u30b7\u30e7\u30c3\u30c8 2024-12-11 111932\" data-image-description=\"\" data-image-caption=\"&lt;p&gt;User Voice Nidec in Vietnam&lt;\/p&gt;\n\" data-large-file=\"https:\/\/i0.wp.com\/asprova.net\/wp-content\/uploads\/2024\/12\/%E3%82%B9%E3%82%AF%E3%83%AA%E3%83%BC%E3%83%B3%E3%82%B7%E3%83%A7%E3%83%83%E3%83%88-2024-12-11-111932.png?fit=693%2C351&amp;ssl=1\" class=\" wp-image-10579\" src=\"https:\/\/i0.wp.com\/asprova.net\/wp-content\/uploads\/2024\/12\/%E3%82%B9%E3%82%AF%E3%83%AA%E3%83%BC%E3%83%B3%E3%82%B7%E3%83%A7%E3%83%83%E3%83%88-2024-12-11-111932.png?resize=270%2C137&#038;ssl=1\" alt=\"\" width=\"270\" height=\"137\" srcset=\"https:\/\/i0.wp.com\/asprova.net\/wp-content\/uploads\/2024\/12\/%E3%82%B9%E3%82%AF%E3%83%AA%E3%83%BC%E3%83%B3%E3%82%B7%E3%83%A7%E3%83%83%E3%83%88-2024-12-11-111932.png?w=693&amp;ssl=1 693w, https:\/\/i0.wp.com\/asprova.net\/wp-content\/uploads\/2024\/12\/%E3%82%B9%E3%82%AF%E3%83%AA%E3%83%BC%E3%83%B3%E3%82%B7%E3%83%A7%E3%83%83%E3%83%88-2024-12-11-111932.png?resize=300%2C152&amp;ssl=1 300w, https:\/\/i0.wp.com\/asprova.net\/wp-content\/uploads\/2024\/12\/%E3%82%B9%E3%82%AF%E3%83%AA%E3%83%BC%E3%83%B3%E3%82%B7%E3%83%A7%E3%83%83%E3%83%88-2024-12-11-111932.png?resize=150%2C76&amp;ssl=1 150w\" sizes=\"(max-width: 270px) 100vw, 270px\" \/><\/a><figcaption id=\"caption-attachment-10579\" class=\"wp-caption-text\"><\/span> <span style=\"font-family: arial, helvetica, sans-serif;\" data-olk-copy-source=\"MessageBody\">L\u1edcI CHIA S\u1eba T\u1eea NG\u01af\u1edcI D\u00d9NG &#8211; NIDEC<\/span><\/figcaption><\/figure>\n<p>&nbsp;<\/p>\n<p>&nbsp;<\/p>\n<p><span style=\"font-size: 14pt; font-family: arial, helvetica, sans-serif;\"><strong>Get an over view of Asprova; Videos<\/strong><\/span><\/p>\n<p><span style=\"font-family: arial, helvetica, sans-serif;\">Asprova introduction video\u3000\uff12mins\u3000<a href=\"https:\/\/youtu.be\/Xqck3F-u-4Q\">https:\/\/youtu.be\/Xqck3F-u-4Q<\/a><\/span><\/p>\n<p><span style=\"font-family: arial, helvetica, sans-serif;\">Testimonial: 2-3mins<\/span><\/p>\n<p><span style=\"font-family: arial, helvetica, sans-serif;\">Panasonic, electronics auto-parts\u00a0 <a href=\"https:\/\/youtu.be\/eLMpQZ1Lltw\">https:\/\/youtu.be\/eLMpQZ1Lltw<\/a><\/span><\/p>\n<p><span style=\"font-family: arial, helvetica, sans-serif;\">Forgel, refrigerators\u00a0\u00a0\u00a0\u00a0 <a href=\"https:\/\/youtu.be\/B_-PcKCmVbc\">https:\/\/youtu.be\/B_-PcKCmVbc<\/a><\/span><\/p>\n<p><span style=\"font-family: arial, helvetica, sans-serif;\">Strauss, coffee\u00a0\u00a0\u00a0\u00a0 <a href=\"https:\/\/youtu.be\/FnXn3jedNAA\">https:\/\/youtu.be\/FnXn3jedNAA<\/a><\/span><\/p>\n<p><span style=\"font-family: arial, helvetica, sans-serif;\">Scholz, molds\u00a0\u00a0\u00a0 <a href=\"https:\/\/youtu.be\/fbwY7Bntt7A\">https:\/\/youtu.be\/fbwY7Bntt7A<\/a><\/span><\/p>\n<p><span style=\"font-family: arial, helvetica, sans-serif;\">Kontio, wood houses\u00a0\u00a0\u00a0 <a href=\"https:\/\/youtu.be\/4lWEF_vbseY\">https:\/\/youtu.be\/4lWEF_vbseY<\/a><\/span><\/p>\n<p><span style=\"font-family: arial, helvetica, sans-serif;\">Panasonic and Strauss are talking about SAP and Asprova.<\/span><\/p>\n<p>&nbsp;<\/p>\n<p><span style=\"font-size: 14pt;\"><strong>T\u00ednh n\u0103ng m\u1edbi<\/strong><\/span><\/p>\n<p><img data-recalc-dims=\"1\" decoding=\"async\" class=\"size-full wp-image-10268 alignleft\" src=\"https:\/\/i0.wp.com\/asprova.net\/wp-content\/uploads\/2024\/11\/%E3%82%B9%E3%82%AF%E3%83%AA%E3%83%BC%E3%83%B3%E3%82%B7%E3%83%A7%E3%83%83%E3%83%88-2024-11-16-102547.png?resize=503%2C205&#038;ssl=1\" alt=\"\" width=\"503\" height=\"205\" srcset=\"https:\/\/i0.wp.com\/asprova.net\/wp-content\/uploads\/2024\/11\/%E3%82%B9%E3%82%AF%E3%83%AA%E3%83%BC%E3%83%B3%E3%82%B7%E3%83%A7%E3%83%83%E3%83%88-2024-11-16-102547.png?w=503&amp;ssl=1 503w, https:\/\/i0.wp.com\/asprova.net\/wp-content\/uploads\/2024\/11\/%E3%82%B9%E3%82%AF%E3%83%AA%E3%83%BC%E3%83%B3%E3%82%B7%E3%83%A7%E3%83%83%E3%83%88-2024-11-16-102547.png?resize=300%2C122&amp;ssl=1 300w, https:\/\/i0.wp.com\/asprova.net\/wp-content\/uploads\/2024\/11\/%E3%82%B9%E3%82%AF%E3%83%AA%E3%83%BC%E3%83%B3%E3%82%B7%E3%83%A7%E3%83%83%E3%83%88-2024-11-16-102547.png?resize=150%2C61&amp;ssl=1 150w\" sizes=\"(max-width: 503px) 100vw, 503px\" \/><\/p>\n<p lang=\"en-US\" style=\"margin: 0in; font-family: \u6e38\u30b4\u30b7\u30c3\u30af; font-size: 11.0pt;\"><span style=\"font-size: 14pt;\">Solver; AI Optimization<\/span><\/p>\n<p><a href=\"https:\/\/asprova.net\/vi\/ai-option\/\">https:\/\/asprova.net\/vi\/ai-option\/<\/a><\/p>\n<p>&nbsp;<\/p>\n<p>&nbsp;<\/p>\n<p>&nbsp;<\/p>\n<p>&nbsp;<\/p>\n<p>&nbsp;<\/p>\n<p>&nbsp;<\/p>\n<p lang=\"en-US\"><img data-recalc-dims=\"1\" decoding=\"async\" class=\" wp-image-10275 alignleft\" src=\"https:\/\/i0.wp.com\/asprova.net\/wp-content\/uploads\/2024\/11\/%E3%82%B9%E3%82%AF%E3%83%AA%E3%83%BC%E3%83%B3%E3%82%B7%E3%83%A7%E3%83%83%E3%83%88-2024-11-16-104548.png?resize=498%2C207&#038;ssl=1\" alt=\"\" width=\"498\" height=\"207\" srcset=\"https:\/\/i0.wp.com\/asprova.net\/wp-content\/uploads\/2024\/11\/%E3%82%B9%E3%82%AF%E3%83%AA%E3%83%BC%E3%83%B3%E3%82%B7%E3%83%A7%E3%83%83%E3%83%88-2024-11-16-104548.png?w=481&amp;ssl=1 481w, https:\/\/i0.wp.com\/asprova.net\/wp-content\/uploads\/2024\/11\/%E3%82%B9%E3%82%AF%E3%83%AA%E3%83%BC%E3%83%B3%E3%82%B7%E3%83%A7%E3%83%83%E3%83%88-2024-11-16-104548.png?resize=300%2C125&amp;ssl=1 300w, https:\/\/i0.wp.com\/asprova.net\/wp-content\/uploads\/2024\/11\/%E3%82%B9%E3%82%AF%E3%83%AA%E3%83%BC%E3%83%B3%E3%82%B7%E3%83%A7%E3%83%83%E3%83%88-2024-11-16-104548.png?resize=150%2C62&amp;ssl=1 150w\" sizes=\"(max-width: 498px) 100vw, 498px\" \/><\/p>\n<p lang=\"en-US\">My Schedule;<br \/>\ntr\u00ecnh xem web,Nh\u1eadp k\u1ebft qu\u1ea3 c\u00f4ng vi\u1ec7c<br \/>\n<a href=\"https:\/\/wp.me\/p3t7sr-2MA\">https:\/\/wp.me\/p3t7sr-2MA<\/a><\/p>\n<p lang=\"en-US\" style=\"margin: 0in; font-family: \u6e38\u30b4\u30b7\u30c3\u30af; font-size: 11.0pt;\"><span style=\"font-size: 14pt;\">My Schedule; Web schedule viewer<\/span><\/p>\n<p style=\"margin: 0in; font-family: \u6e38\u30b4\u30b7\u30c3\u30af; font-size: 11.0pt;\"><a href=\"https:\/\/wp.me\/p3t7sr-2De\">https:\/\/wp.me\/p3t7sr-2De<\/a><\/p>\n<p>&nbsp;<\/p>\n<p>&nbsp;<\/p>\n<p>&nbsp;<\/p>\n<p>&nbsp;<\/p>\n<p>&nbsp;<\/p>\n<p>&nbsp;<\/p>\n<p>&nbsp;<\/p>\n<p>&nbsp;<\/p>\n","protected":false},"excerpt":{"rendered":"<p>&nbsp; Asprova \u2013 Ph\u1ea7n m\u1ec1m l\u1eadp k\u1ebf ho\u1ea1ch s\u1ea3n xu\u1ea5t s\u1ed1 1 th\u1ebf gi\u1edbi \u0110\u00e3 \u0111\u01b0\u1ee3c tri\u1ec3n khai t\u1ea1i 51 qu\u1ed1c gia tr\u00ean to\u00e0n c\u1ea7u. Ch\u1ee9c n\u0103ng v\u01b0\u1ee3t tr\u1ed9i M\u00f4 h\u00ecnh h\u00f3a m\u1ecdi quy tr\u00ecnh s\u1ea3n xu\u1ea5t m\u00e0 kh\u00f4ng c\u1ea7n l\u1eadp tr\u00ecnh H\u1ed7 tr\u1ee3 tri\u1ec3n khai c\u00e1c chi\u1ebfn l\u01b0\u1ee3c nh\u01b0 APS, JIT, TOC Ki\u1ec3m so\u00e1t to\u00e0n b\u1ed9 chu\u1ed7i cung \u1ee9ng: mua h\u00e0ng, nguy\u00ean v\u1eadt li\u1ec7u, b\u00e1n th\u00e0nh ph\u1ea9m, th\u00e0nh ph\u1ea9m T\u00edch h\u1ee3p ch\u1ee9c n\u0103ng t\u1ed1i \u01b0u h\u00f3a b\u1eb1ng AI &nbsp; T\u1ef1 \u0111\u1ed9ng h\u00f3a l\u1eadp k\u1ebf ho\u1ea1ch Vi\u1ec7c t\u1ea1o k\u1ebf ho\u1ea1ch s\u1ea3n xu\u1ea5t v\u00e0 l\u1ec7nh c\u00f4ng vi\u1ec7c \u0111ang ti\u00eau t\u1ed1n nhi\u1ec1u nh\u00e2n l\u1ef1c v\u00e0 th\u1eddi gian? H\u00e3y \u0111\u1ec3 Asprova t\u1ef1 \u0111\u1ed9ng [&hellip;]<\/p>\n","protected":false},"author":49414049,"featured_media":0,"parent":0,"menu_order":21,"comment_status":"closed","ping_status":"closed","template":"page-blank.php","meta":{"_coblocks_attr":"","_coblocks_dimensions":"","_coblocks_responsive_height":"","_coblocks_accordion_ie_support":"","footnotes":""},"class_list":["post-10478","page","type-page","status-publish","hentry"],"aioseo_notices":[],"jetpack_likes_enabled":true,"jetpack_sharing_enabled":true,"jetpack_shortlink":"https:\/\/wp.me\/P3t7sr-2J0","amp_enabled":false,"_links":{"self":[{"href":"https:\/\/asprova.net\/vi\/wp-json\/wp\/v2\/pages\/10478","targetHints":{"allow":["GET"]}}],"collection":[{"href":"https:\/\/asprova.net\/vi\/wp-json\/wp\/v2\/pages"}],"about":[{"href":"https:\/\/asprova.net\/vi\/wp-json\/wp\/v2\/types\/page"}],"author":[{"embeddable":true,"href":"https:\/\/asprova.net\/vi\/wp-json\/wp\/v2\/users\/49414049"}],"replies":[{"embeddable":true,"href":"https:\/\/asprova.net\/vi\/wp-json\/wp\/v2\/comments?post=10478"}],"version-history":[{"count":17,"href":"https:\/\/asprova.net\/vi\/wp-json\/wp\/v2\/pages\/10478\/revisions"}],"predecessor-version":[{"id":11431,"href":"https:\/\/asprova.net\/vi\/wp-json\/wp\/v2\/pages\/10478\/revisions\/11431"}],"wp:attachment":[{"href":"https:\/\/asprova.net\/vi\/wp-json\/wp\/v2\/media?parent=10478"}],"curies":[{"name":"wp","href":"https:\/\/api.w.org\/{rel}","templated":true}]}}